{"id":251,"date":"2017-11-30T09:26:50","date_gmt":"2017-11-30T09:26:50","guid":{"rendered":"https:\/\/www.hvac-designer.com\/varmehjul\/"},"modified":"2020-12-18T11:14:58","modified_gmt":"2020-12-18T10:14:58","slug":"varmehjul","status":"publish","type":"page","link":"https:\/\/www.hvac-designer.com\/en\/","title":{"rendered":"HVAC-designer"},"content":{"rendered":"<p>test<\/p>\n","protected":false},"excerpt":{"rendered":"<p>test<\/p>\n","protected":false},"author":1,"featured_media":0,"parent":0,"menu_order":0,"comment_status":"closed","ping_status":"closed","template":"views\/template-home-page.blade.php","meta":{"footnotes":""},"class_list":["post-251","page","type-page","status-publish","hentry"],"yoast_head":"<!-- This site is optimized with the Yoast SEO plugin v25.8 - https:\/\/yoast.com\/wordpress\/plugins\/seo\/ -->\n<title>Dimensionering af r\u00f8r til varmeanl\u00e6g - Gratis v\u00e6rkt\u00f8j - HVAC-designer.com<\/title>\n<meta name=\"description\" content=\"Indtast flow, eller effekt og temperaturforskel, og f\u00e5 forslag til kompatible pumper, r\u00f8r, ventiler, regulatorer, for dimensionering af r\u00f8r - helt gratis!\" \/>\n<meta name=\"robots\" content=\"index, follow, max-snippet:-1, max-image-preview:large, max-video-preview:-1\" \/>\n<link rel=\"canonical\" href=\"https:\/\/www.hvac-designer.com\/en\/\" \/>\n<meta property=\"og:locale\" content=\"en_US\" \/>\n<meta property=\"og:type\" content=\"article\" \/>\n<meta property=\"og:title\" content=\"Dimensionering af r\u00f8r til varmeanl\u00e6g - Gratis v\u00e6rkt\u00f8j - HVAC-designer.com\" \/>\n<meta property=\"og:description\" content=\"Indtast flow, eller effekt og temperaturforskel, og f\u00e5 forslag til kompatible pumper, r\u00f8r, ventiler, regulatorer, for dimensionering af r\u00f8r - helt gratis!\" \/>\n<meta property=\"og:url\" content=\"https:\/\/www.hvac-designer.com\/en\/\" \/>\n<meta property=\"og:site_name\" content=\"HVAC-designer.com\" \/>\n<meta property=\"article:publisher\" content=\"https:\/\/www.facebook.com\/Varmehjul.dk\/\" \/>\n<meta property=\"article:modified_time\" content=\"2020-12-18T10:14:58+00:00\" \/>\n<meta name=\"twitter:card\" content=\"summary_large_image\" \/>\n<script type=\"application\/ld+json\" class=\"yoast-schema-graph\">{\"@context\":\"https:\/\/schema.org\",\"@graph\":[{\"@type\":\"WebPage\",\"@id\":\"https:\/\/www.hvac-designer.com\/en\/\",\"url\":\"https:\/\/www.hvac-designer.com\/en\/\",\"name\":\"Dimensionering af r\u00f8r til varmeanl\u00e6g - Gratis v\u00e6rkt\u00f8j - HVAC-designer.com\",\"isPartOf\":{\"@id\":\"https:\/\/www.hvac-designer.com\/#website\"},\"datePublished\":\"2017-11-30T09:26:50+00:00\",\"dateModified\":\"2020-12-18T10:14:58+00:00\",\"description\":\"Indtast flow, eller effekt og temperaturforskel, og f\u00e5 forslag til kompatible pumper, r\u00f8r, ventiler, regulatorer, for dimensionering af r\u00f8r - helt gratis!\",\"breadcrumb\":{\"@id\":\"https:\/\/www.hvac-designer.com\/en\/#breadcrumb\"},\"inLanguage\":\"en-US\",\"potentialAction\":[{\"@type\":\"ReadAction\",\"target\":[\"https:\/\/www.hvac-designer.com\/en\/\"]}]},{\"@type\":\"BreadcrumbList\",\"@id\":\"https:\/\/www.hvac-designer.com\/en\/#breadcrumb\",\"itemListElement\":[{\"@type\":\"ListItem\",\"position\":1,\"name\":\"Home\",\"item\":\"https:\/\/www.hvac-designer.com\/en\/\"},{\"@type\":\"ListItem\",\"position\":2,\"name\":\"HVAC-designer\"}]},{\"@type\":\"WebSite\",\"@id\":\"https:\/\/www.hvac-designer.com\/#website\",\"url\":\"https:\/\/www.hvac-designer.com\/\",\"name\":\"HVAC-designer.com\",\"description\":\"Effektiv dimensionering af k\u00f8le- og varmeanl\u00e6g\",\"potentialAction\":[{\"@type\":\"SearchAction\",\"target\":{\"@type\":\"EntryPoint\",\"urlTemplate\":\"https:\/\/www.hvac-designer.com\/?s={search_term_string}\"},\"query-input\":{\"@type\":\"PropertyValueSpecification\",\"valueRequired\":true,\"valueName\":\"search_term_string\"}}],\"inLanguage\":\"en-US\"}]}<\/script>\n<!-- \/ Yoast SEO plugin. -->","yoast_head_json":{"title":"Dimensionering af r\u00f8r til varmeanl\u00e6g - Gratis v\u00e6rkt\u00f8j - HVAC-designer.com","description":"Indtast flow, eller effekt og temperaturforskel, og f\u00e5 forslag til kompatible pumper, r\u00f8r, ventiler, regulatorer, for dimensionering af r\u00f8r - helt gratis!","robots":{"index":"index","follow":"follow","max-snippet":"max-snippet:-1","max-image-preview":"max-image-preview:large","max-video-preview":"max-video-preview:-1"},"canonical":"https:\/\/www.hvac-designer.com\/en\/","og_locale":"en_US","og_type":"article","og_title":"Dimensionering af r\u00f8r til varmeanl\u00e6g - Gratis v\u00e6rkt\u00f8j - HVAC-designer.com","og_description":"Indtast flow, eller effekt og temperaturforskel, og f\u00e5 forslag til kompatible pumper, r\u00f8r, ventiler, regulatorer, for dimensionering af r\u00f8r - helt gratis!","og_url":"https:\/\/www.hvac-designer.com\/en\/","og_site_name":"HVAC-designer.com","article_publisher":"https:\/\/www.facebook.com\/Varmehjul.dk\/","article_modified_time":"2020-12-18T10:14:58+00:00","twitter_card":"summary_large_image","schema":{"@context":"https:\/\/schema.org","@graph":[{"@type":"WebPage","@id":"https:\/\/www.hvac-designer.com\/en\/","url":"https:\/\/www.hvac-designer.com\/en\/","name":"Dimensionering af r\u00f8r til varmeanl\u00e6g - Gratis v\u00e6rkt\u00f8j - HVAC-designer.com","isPartOf":{"@id":"https:\/\/www.hvac-designer.com\/#website"},"datePublished":"2017-11-30T09:26:50+00:00","dateModified":"2020-12-18T10:14:58+00:00","description":"Indtast flow, eller effekt og temperaturforskel, og f\u00e5 forslag til kompatible pumper, r\u00f8r, ventiler, regulatorer, for dimensionering af r\u00f8r - helt gratis!","breadcrumb":{"@id":"https:\/\/www.hvac-designer.com\/en\/#breadcrumb"},"inLanguage":"en-US","potentialAction":[{"@type":"ReadAction","target":["https:\/\/www.hvac-designer.com\/en\/"]}]},{"@type":"BreadcrumbList","@id":"https:\/\/www.hvac-designer.com\/en\/#breadcrumb","itemListElement":[{"@type":"ListItem","position":1,"name":"Home","item":"https:\/\/www.hvac-designer.com\/en\/"},{"@type":"ListItem","position":2,"name":"HVAC-designer"}]},{"@type":"WebSite","@id":"https:\/\/www.hvac-designer.com\/#website","url":"https:\/\/www.hvac-designer.com\/","name":"HVAC-designer.com","description":"Effektiv dimensionering af k\u00f8le- og varmeanl\u00e6g","potentialAction":[{"@type":"SearchAction","target":{"@type":"EntryPoint","urlTemplate":"https:\/\/www.hvac-designer.com\/?s={search_term_string}"},"query-input":{"@type":"PropertyValueSpecification","valueRequired":true,"valueName":"search_term_string"}}],"inLanguage":"en-US"}]}},"_links":{"self":[{"href":"https:\/\/www.hvac-designer.com\/en\/wp-json\/wp\/v2\/pages\/251","targetHints":{"allow":["GET"]}}],"collection":[{"href":"https:\/\/www.hvac-designer.com\/en\/wp-json\/wp\/v2\/pages"}],"about":[{"href":"https:\/\/www.hvac-designer.com\/en\/wp-json\/wp\/v2\/types\/page"}],"author":[{"embeddable":true,"href":"https:\/\/www.hvac-designer.com\/en\/wp-json\/wp\/v2\/users\/1"}],"replies":[{"embeddable":true,"href":"https:\/\/www.hvac-designer.com\/en\/wp-json\/wp\/v2\/comments?post=251"}],"version-history":[{"count":2,"href":"https:\/\/www.hvac-designer.com\/en\/wp-json\/wp\/v2\/pages\/251\/revisions"}],"predecessor-version":[{"id":359,"href":"https:\/\/www.hvac-designer.com\/en\/wp-json\/wp\/v2\/pages\/251\/revisions\/359"}],"wp:attachment":[{"href":"https:\/\/www.hvac-designer.com\/en\/wp-json\/wp\/v2\/media?parent=251"}],"curies":[{"name":"wp","href":"https:\/\/api.w.org\/{rel}","templated":true}]}}